{"id":22,"date":"2023-05-02T20:34:41","date_gmt":"2023-05-02T20:34:41","guid":{"rendered":"https:\/\/walke-hameln.de\/?page_id=22"},"modified":"2023-12-21T11:11:40","modified_gmt":"2023-12-21T11:11:40","slug":"impressum","status":"publish","type":"page","link":"https:\/\/walke-hameln.de\/?page_id=22","title":{"rendered":"Impressum"},"content":{"rendered":"\n<p><strong>Walke e.V.<\/strong><br>Walkem\u00fchle 1a, 31785 Hameln<\/p>\n\n\n\n<p><\/p>\n\n\n\n<p><\/p>\n\n\n\n<h2 class=\"wp-block-heading\">Welche personenbezogenen Daten wir sammeln und warum wir sie sammeln<\/h2>\n\n\n\n<h3 class=\"wp-block-heading\">Kommentare<\/h3>\n\n\n\n<p>Wenn Besucher Kommentare auf der Website schreiben, sammeln wir die Daten, die im Kommentar-Formular angezeigt werden, au\u00dferdem die IP-Adresse des Besuchers und den User-Agent-String (damit wird der Browser identifiziert), um die Erkennung von Spam zu unterst\u00fctzen.<\/p>\n\n\n\n<p>Aus deiner E-Mail-Adresse kann eine anonymisierte Zeichenfolge erstellt (auch Hash genannt) und dem Gravatar-Dienst \u00fcbergeben werden, um zu pr\u00fcfen, ob du diesen benutzt. Die Datenschutzerkl\u00e4rung des Gravatar-Dienstes findest du hier: https:\/\/automattic.com\/privacy\/. Nachdem dein Kommentar freigegeben wurde, ist dein Profilbild \u00f6ffentlich im Kontext deines Kommentars sichtbar.<\/p>\n\n\n\n<p><\/p>\n\n\n\n<h3 class=\"wp-block-heading\">Cookies<\/h3>\n\n\n\n<p>Wenn du einen Kommentar auf unserer Website schreibst, kann das eine Einwilligung sein, deinen Namen, E-Mail-Adresse und Website in Cookies zu speichern. Dies ist eine Komfortfunktion, damit du nicht, wenn du einen weiteren Kommentar schreibst, all diese Daten erneut eingeben musst. Diese Cookies werden ein Jahr lang gespeichert.<\/p>\n\n\n\n<p><\/p>\n\n\n\n<h3 class=\"wp-block-heading\">Analysedienste<\/h3>\n\n\n\n<p>Unser Webhosting sammelt m\u00f6glicherweise einige anonyme Analysedaten. <\/p>\n\n\n\n<p><\/p>\n\n\n\n<h2 class=\"wp-block-heading\">Mit wem wir deine Daten teilen<\/h2>\n\n\n\n<p>Standardm\u00e4\u00dfig teilt WordPress keinerlei personenbezogene Daten mit Dritten.<\/p>\n\n\n\n<h2 class=\"wp-block-heading\"><\/h2>\n\n\n\n<h2 class=\"wp-block-heading\">Wohin deine Daten gesendet werden<\/h2>\n\n\n\n<p>Besucher-Kommentare k\u00f6nnten von einem automatisierten Dienst zur Spam-Erkennung untersucht werden.<\/p>\n\n\n\n<p><\/p>\n\n\n\n<p><\/p>\n\n\n\n<h2 class=\"wp-block-heading\">Weitere Informationen<\/h2>\n\n\n\n<h3 class=\"wp-block-heading\">Eingebettete Inhalte von anderen Websites<\/h3>\n\n\n\n<p>Beitr\u00e4ge auf dieser Website k\u00f6nnen eingebettete Inhalte beinhalten (z.&nbsp;B. Videos, Bilder, Beitr\u00e4ge etc.). Eingebettete Inhalte von anderen Websites verhalten sich exakt so, als ob der Besucher die andere Website besucht h\u00e4tte.<\/p>\n\n\n\n<p>Diese Websites k\u00f6nnen Daten \u00fcber dich sammeln, Cookies benutzen, zus\u00e4tzliche Tracking-Dienste von Dritten einbetten und deine Interaktion mit diesem eingebetteten Inhalt aufzeichnen, inklusive deiner Interaktion mit dem eingebetteten Inhalt, falls du ein Konto hast und auf dieser Website angemeldet bist.<\/p>\n\n\n\n<h2 class=\"wp-block-heading\"><\/h2>\n\n\n\n<h2 class=\"wp-block-heading\">Haftungsausschluss<\/h2>\n\n\n\n<p>Die Homepage einschlie\u00dflich deren Inhalt wurden nach bestem Wissen und Gewissen zusammengestellt. Eine Gew\u00e4hr f\u00fcr Funktion, Aktualit\u00e4t, Richtigkeit, Vollst\u00e4ndigkeit oder Qualit\u00e4t der Informationen dieser Internet-Seiten, der Link-Verweise und insbesondere der Informationen der verwiesenen (\u201everlinkten\u201c) Internetseiten der Drittanbieter (inklusive Rechtm\u00e4\u00dfigkeit des Inhaltes) kann angesichts der Unentgeltlichkeit nicht \u00fcbernommen werden. Die Rechte an den Links sowie die Verantwortlichkeit f\u00fcr deren Inhalt liegen ausschlie\u00dflich bei dem jeweiligem Drittanbieter und\/oder Betreiber. Der Verantwortliche Walke e.V. distanziert sich ausdr\u00fccklich von jeglichem angebotenen Inhalt, f\u00fcr den Fall, dass sich der Inhalt eines Links \u00e4ndert und Informationen \u00fcbermittelt werden, die nicht mehr mit den Zielen des Vereins in Verbindung zu bringen sind. Dies gilt insbesondere f\u00fcr Inhalte, deren Verbreitung nach deutschem und internationalen Recht verboten ist und deren Beihilfe zur Verbreitung strafrechtlich verfolgt wird. Es wird keine Haftung \u00fcbernommen, wenn die eigenen Seiten, Link-Verweise oder Link-Sammlungen oder die verlinkten Seiten selbst Viren enthalten. Der Haftungsausschluss bezieht sich auf alle materiellen oder ideellen Sch\u00e4den, insbesondere auch f\u00fcr Folgesch\u00e4den, die durch die Nutzung der zur Verf\u00fcgung gestellten Informationen verursacht wurden, soweit sie nicht durch vors\u00e4tzliches oder grob fahrl\u00e4ssiges Verhalten verursacht wurden.<\/p>\n\n\n\n<h2 class=\"wp-block-heading\">Urheberrecht<\/h2>\n\n\n\n<p>Die Internet-Seiten des Walke e.V.\u00a0 sind urheberrechtlich gesch\u00fctzt. Alle Rechte f\u00fcr den Inhalt und die Gestaltung stehen allein und ausschlie\u00dflich der Verantwortlichen des Walke e.V. zu. Ausgenommen hiervon sind die Inhalte der Link-Verweise und die Informationen der verwiesenen (\u201everlinkten\u201c) Internetseiten von Drittanbietern. Das vollst\u00e4ndige oder teilweise Reproduzieren, Verbreiten, \u00dcbermitteln (elektronisch oder auf andere Weise), Modifizieren oder Benutzen unserer Internet-Seiten f\u00fcr \u00f6ffentliche oder kommerzielle Zwecke ist ohne unsere vorherige schriftliche Zustimmung untersagt. Der Walke e.V. ist einverstanden mit Link-Verweisen auf ihre Seiten, bittet aber f\u00fcr jeden einzelnen Fall um vorherige Information.<\/p>\n","protected":false},"excerpt":{"rendered":"<p>Walke e.V.Walkem\u00fchle 1a, 31785 Hameln Welche personenbezogenen Daten wir sammeln und warum wir sie sammeln Kommentare Wenn Besucher Kommentare auf der Website schreiben, sammeln wir die Daten, die im Kommentar-Formular angezeigt werden, au\u00dferdem die IP-Adresse des Besuchers und den User-Agent-String (damit wird der Browser identifiziert), um die Erkennung von Spam zu unterst\u00fctzen. Aus deiner E-Mail-Adresse &hellip;<\/p>\n<p class=\"read-more\"> <a class=\"\" href=\"https:\/\/walke-hameln.de\/?page_id=22\"> <span class=\"screen-reader-text\">Impressum<\/span> Weiterlesen &raquo;<\/a><\/p>\n","protected":false},"author":1,"featured_media":0,"parent":0,"menu_order":0,"comment_status":"closed","ping_status":"closed","template":"","meta":{"site-sidebar-layout":"default","site-content-layout":"default","ast-global-header-display":"","ast-main-header-display":"","ast-hfb-above-header-display":"","ast-hfb-below-header-display":"","ast-hfb-mobile-header-display":"","site-post-title":"","ast-breadcrumbs-content":"","ast-featured-img":"","footer-sml-layout":"","theme-transparent-header-meta":"","adv-header-id-meta":"","stick-header-meta":"","header-above-stick-meta":"","header-main-stick-meta":"","header-below-stick-meta":"","footnotes":""},"class_list":["post-22","page","type-page","status-publish","hentry"],"_links":{"self":[{"href":"https:\/\/walke-hameln.de\/index.php?rest_route=\/wp\/v2\/pages\/22","targetHints":{"allow":["GET"]}}],"collection":[{"href":"https:\/\/walke-hameln.de\/index.php?rest_route=\/wp\/v2\/pages"}],"about":[{"href":"https:\/\/walke-hameln.de\/index.php?rest_route=\/wp\/v2\/types\/page"}],"author":[{"embeddable":true,"href":"https:\/\/walke-hameln.de\/index.php?rest_route=\/wp\/v2\/users\/1"}],"replies":[{"embeddable":true,"href":"https:\/\/walke-hameln.de\/index.php?rest_route=%2Fwp%2Fv2%2Fcomments&post=22"}],"version-history":[{"count":3,"href":"https:\/\/walke-hameln.de\/index.php?rest_route=\/wp\/v2\/pages\/22\/revisions"}],"predecessor-version":[{"id":50,"href":"https:\/\/walke-hameln.de\/index.php?rest_route=\/wp\/v2\/pages\/22\/revisions\/50"}],"wp:attachment":[{"href":"https:\/\/walke-hameln.de\/index.php?rest_route=%2Fwp%2Fv2%2Fmedia&parent=22"}],"curies":[{"name":"wp","href":"https:\/\/api.w.org\/{rel}","templated":true}]}}